{"id":520,"date":"2023-07-14T14:29:37","date_gmt":"2023-07-14T14:29:37","guid":{"rendered":"http:\/\/immobilien-management.co\/?page_id=520"},"modified":"2023-07-15T22:08:53","modified_gmt":"2023-07-15T22:08:53","slug":"impressum","status":"publish","type":"page","link":"http:\/\/immobilien-management.co\/en\/impressum\/","title":{"rendered":"Impressum"},"content":{"rendered":"<div data-elementor-type=\"wp-page\" data-elementor-id=\"520\" class=\"elementor elementor-520\" data-elementor-post-type=\"page\">\n\t\t\t\t\t\t\t\t\t<section class=\"elementor-section elementor-top-section elementor-element elementor-element-6f3e3f5 elementor-section-height-min-height elementor-section-boxed elementor-section-height-default elementor-section-items-middle\" data-id=\"6f3e3f5\" data-element_type=\"section\" id=\"top\" data-settings=\"{&quot;background_background&quot;:&quot;slideshow&quot;,&quot;background_slideshow_gallery&quot;:[{&quot;id&quot;:200,&quot;url&quot;:&quot;http:\\\/\\\/immobilien-management.co\\\/wp-content\\\/uploads\\\/2023\\\/07\\\/0303_Herthastrasse_eingangsbereich_002_renderopus_huebnervv_ks-min.jpg&quot;},{&quot;id&quot;:207,&quot;url&quot;:&quot;http:\\\/\\\/immobilien-management.co\\\/wp-content\\\/uploads\\\/2023\\\/07\\\/B83_A_CAM_005_3__2K-min.jpg&quot;},{&quot;id&quot;:214,&quot;url&quot;:&quot;http:\\\/\\\/immobilien-management.co\\\/wp-content\\\/uploads\\\/2023\\\/07\\\/IMG_3555.jpg&quot;},{&quot;id&quot;:507,&quot;url&quot;:&quot;http:\\\/\\\/immobilien-management.co\\\/wp-content\\\/uploads\\\/2023\\\/07\\\/2022_12_15_CAM_005_FNL_2-min.jpg&quot;},{&quot;id&quot;:79,&quot;url&quot;:&quot;http:\\\/\\\/immobilien-management.co\\\/wp-content\\\/uploads\\\/2023\\\/07\\\/schweiz-switzerland-family-office-hotel-ankauf-akquisition-11.jpg&quot;},{&quot;id&quot;:80,&quot;url&quot;:&quot;http:\\\/\\\/immobilien-management.co\\\/wp-content\\\/uploads\\\/2023\\\/07\\\/schweiz-switzerland-family-office-hotel-ankauf-akquisition-10.jpg&quot;},{&quot;id&quot;:81,&quot;url&quot;:&quot;http:\\\/\\\/immobilien-management.co\\\/wp-content\\\/uploads\\\/2023\\\/07\\\/schweiz-switzerland-family-office-hotel-ankauf-akquisition-7.jpg&quot;}],&quot;background_slideshow_ken_burns&quot;:&quot;yes&quot;,&quot;background_slideshow_loop&quot;:&quot;yes&quot;,&quot;background_slideshow_slide_duration&quot;:5000,&quot;background_slideshow_slide_transition&quot;:&quot;fade&quot;,&quot;background_slideshow_transition_duration&quot;:500,&quot;background_slideshow_ken_burns_zoom_direction&quot;:&quot;in&quot;}\">\n\t\t\t\t\t\t\t<div class=\"elementor-background-overlay\"><\/div>\n\t\t\t\t\t\t\t<div class=\"elementor-container elementor-column-gap-default\">\n\t\t\t\t\t<div class=\"elementor-column elementor-col-100 elementor-top-column elementor-element elementor-element-28dc8e4\" data-id=\"28dc8e4\" data-element_type=\"column\">\n\t\t\t<div class=\"elementor-widget-wrap elementor-element-populated\">\n\t\t\t\t\t\t\t\t<section class=\"elementor-section elementor-inner-section elementor-element elementor-element-1f967cc elementor-section-boxed elementor-section-height-default elementor-section-height-default\" data-id=\"1f967cc\" data-element_type=\"section\">\n\t\t\t\t\t\t<div class=\"elementor-container elementor-column-gap-default\">\n\t\t\t\t\t<div class=\"elementor-column elementor-col-33 elementor-inner-column elementor-element elementor-element-ae199f1\" data-id=\"ae199f1\" data-element_type=\"column\">\n\t\t\t<div class=\"elementor-widget-wrap\">\n\t\t\t\t\t\t\t\t\t<\/div>\n\t\t<\/div>\n\t\t\t\t<div class=\"elementor-column elementor-col-33 elementor-inner-column elementor-element elementor-element-24da500\" data-id=\"24da500\" data-element_type=\"column\">\n\t\t\t<div class=\"elementor-widget-wrap elementor-element-populated\">\n\t\t\t\t\t\t\t\t<div class=\"elementor-element elementor-element-0054376 elementor-widget elementor-widget-heading\" data-id=\"0054376\" data-element_type=\"widget\" data-widget_type=\"heading.default\">\n\t\t\t\t<div class=\"elementor-widget-container\">\n\t\t\t<style>\/*! elementor - v3.17.0 - 08-11-2023 *\/\n.elementor-heading-title{padding:0;margin:0;line-height:1}.elementor-widget-heading .elementor-heading-title[class*=elementor-size-]>a{color:inherit;font-size:inherit;line-height:inherit}.elementor-widget-heading .elementor-heading-title.elementor-size-small{font-size:15px}.elementor-widget-heading .elementor-heading-title.elementor-size-medium{font-size:19px}.elementor-widget-heading .elementor-heading-title.elementor-size-large{font-size:29px}.elementor-widget-heading .elementor-heading-title.elementor-size-xl{font-size:39px}.elementor-widget-heading .elementor-heading-title.elementor-size-xxl{font-size:59px}<\/style><h2 class=\"elementor-heading-title elementor-size-default\">Roman Zigmund Immobilien Management GmbH<\/h2>\t\t<\/div>\n\t\t\t\t<\/div>\n\t\t\t\t<div class=\"elementor-element elementor-element-93e979a elementor-widget elementor-widget-text-editor\" data-id=\"93e979a\" data-element_type=\"widget\" data-widget_type=\"text-editor.default\">\n\t\t\t\t<div class=\"elementor-widget-container\">\n\t\t\t<style>\/*! elementor - v3.17.0 - 08-11-2023 *\/\n.elementor-widget-text-editor.elementor-drop-cap-view-stacked .elementor-drop-cap{background-color:#69727d;color:#fff}.elementor-widget-text-editor.elementor-drop-cap-view-framed .elementor-drop-cap{color:#69727d;border:3px solid;background-color:transparent}.elementor-widget-text-editor:not(.elementor-drop-cap-view-default) .elementor-drop-cap{margin-top:8px}.elementor-widget-text-editor:not(.elementor-drop-cap-view-default) .elementor-drop-cap-letter{width:1em;height:1em}.elementor-widget-text-editor .elementor-drop-cap{float:left;text-align:center;line-height:1;font-size:50px}.elementor-widget-text-editor .elementor-drop-cap-letter{display:inline-block}<\/style>\t\t\t\t<p>Hotel Investments: Hotel Investor &amp; Hotel Investment Expert, Hotel Purchase: Hotels and Hotel Properties<\/p>\t\t\t\t\t\t<\/div>\n\t\t\t\t<\/div>\n\t\t\t\t<div class=\"elementor-element elementor-element-71ba3f7 elementor-align-center elementor-widget elementor-widget-button\" data-id=\"71ba3f7\" data-element_type=\"widget\" data-widget_type=\"button.default\">\n\t\t\t\t<div class=\"elementor-widget-container\">\n\t\t\t\t\t<div class=\"elementor-button-wrapper\">\n\t\t\t<a class=\"elementor-button elementor-button-link elementor-size-md\" href=\"#kontakt\">\n\t\t\t\t\t\t<span class=\"elementor-button-content-wrapper\">\n\t\t\t\t\t\t<span class=\"elementor-button-icon elementor-align-icon-right\">\n\t\t\t\t<i aria-hidden=\"true\" class=\"fas fa-long-arrow-alt-right\"><\/i>\t\t\t<\/span>\n\t\t\t\t\t\t<span class=\"elementor-button-text\">Contact<\/span>\n\t\t<\/span>\n\t\t\t\t\t<\/a>\n\t\t<\/div>\n\t\t\t\t<\/div>\n\t\t\t\t<\/div>\n\t\t\t\t\t<\/div>\n\t\t<\/div>\n\t\t\t\t<div class=\"elementor-column elementor-col-33 elementor-inner-column elementor-element elementor-element-b0cdb0c\" data-id=\"b0cdb0c\" data-element_type=\"column\">\n\t\t\t<div class=\"elementor-widget-wrap\">\n\t\t\t\t\t\t\t\t\t<\/div>\n\t\t<\/div>\n\t\t\t\t\t\t\t<\/div>\n\t\t<\/section>\n\t\t\t\t\t<\/div>\n\t\t<\/div>\n\t\t\t\t\t\t\t<\/div>\n\t\t<\/section>\n\t\t\t\t<section class=\"elementor-section elementor-top-section elementor-element elementor-element-cc188d5 elementor-section-boxed elementor-section-height-default elementor-section-height-default\" data-id=\"cc188d5\" data-element_type=\"section\" id=\"hotelankauf\">\n\t\t\t\t\t\t<div class=\"elementor-container elementor-column-gap-default\">\n\t\t\t\t\t<div class=\"elementor-column elementor-col-100 elementor-top-column elementor-element elementor-element-feb48e6\" data-id=\"feb48e6\" data-element_type=\"column\" data-settings=\"{&quot;background_background&quot;:&quot;classic&quot;}\">\n\t\t\t<div class=\"elementor-widget-wrap elementor-element-populated\">\n\t\t\t\t\t\t\t\t<div class=\"elementor-element elementor-element-668cc40 elementor-widget elementor-widget-heading\" data-id=\"668cc40\" data-element_type=\"widget\" data-widget_type=\"heading.default\">\n\t\t\t\t<div class=\"elementor-widget-container\">\n\t\t\t<h2 class=\"elementor-heading-title elementor-size-default\">Impressum<\/h2>\t\t<\/div>\n\t\t\t\t<\/div>\n\t\t\t\t<div class=\"elementor-element elementor-element-6677fda elementor-widget elementor-widget-text-editor\" data-id=\"6677fda\" data-element_type=\"widget\" data-widget_type=\"text-editor.default\">\n\t\t\t\t<div class=\"elementor-widget-container\">\n\t\t\t\t\t\t\tLegal notices and information\t\t\t\t\t\t<\/div>\n\t\t\t\t<\/div>\n\t\t\t\t\t<\/div>\n\t\t<\/div>\n\t\t\t\t\t\t\t<\/div>\n\t\t<\/section>\n\t\t\t\t<section class=\"elementor-section elementor-top-section elementor-element elementor-element-0e2009c elementor-section-boxed elementor-section-height-default elementor-section-height-default\" data-id=\"0e2009c\" data-element_type=\"section\">\n\t\t\t\t\t\t<div class=\"elementor-container elementor-column-gap-default\">\n\t\t\t\t\t<div class=\"elementor-column elementor-col-100 elementor-top-column elementor-element elementor-element-7a409a9\" data-id=\"7a409a9\" data-element_type=\"column\">\n\t\t\t<div class=\"elementor-widget-wrap elementor-element-populated\">\n\t\t\t\t\t\t\t\t<div class=\"elementor-element elementor-element-d43980c elementor-widget elementor-widget-text-editor\" data-id=\"d43980c\" data-element_type=\"widget\" data-widget_type=\"text-editor.default\">\n\t\t\t\t<div class=\"elementor-widget-container\">\n\t\t\t\t\t\t\t<p><strong>Responsible according to \u00a7 18 para. 2 MStV\"<\/strong><\/p><p>Roman Zigmund Immobilien Management GmbH<br \/><a href=\"https:\/\/goo.gl\/maps\/kBXe7A3cQ2LtWDCu6\" target=\"_blank\" rel=\"noopener\">Ve\u013ek\u00e1 okru\u017en\u00e1 1309\/17<\/a><br \/><a href=\"https:\/\/goo.gl\/maps\/kBXe7A3cQ2LtWDCu6\" target=\"_blank\" rel=\"noopener\">\u017dilina 010 01<\/a><\/p><p><strong>E-Mail:<\/strong> <a href=\"mailto:info@immobilien-management.co\">info@immobilien-management.co<\/a><\/p><p><strong><br \/>Authorized representatives of the Board of Directors:<\/strong><\/p><p>Roman Zigmund<\/p><p>Company headquarters: Slovakia<\/p><p>Responsible tax office: \u017dilina<\/p><p>Authorized to represent according to \u00a7 5 of the Telemedia Act and responsible for the content of the website under press law (V.i.S.d.P.) is Roman Zigmund Immobilien Management GmbH.<\/p><p><strong>\u00a0<\/strong><\/p><p><strong>Images and Photos - Licenses.<\/strong><\/p><p>Roman Zigmund Immobilien Management GmbH, envato.com, fotolia.com, istockphoto.com<\/p><p>All trademarks, product names, and company names or logos cited on the website of Roman Zigmund Immobilien Management GmbH are the sole property of their respective owners.<\/p><p><strong>\u00a0<\/strong><\/p><p><strong>Liability Notice &amp; Copyright<\/strong><\/p><p>Despite careful content monitoring, Roman Zigmund Immobilien Management GmbH assumes no liability for the contents of external links. The operators of the linked pages are solely responsible for their content. Reproduction, copying, and printing of the website of Roman Zigmund Immobilien Management GmbH for private or commercial use, as well as for journalistic reporting, are only permitted with written permission. Any use is at your own risk. Liability for the use of the online service or its unavailability is excluded. This also applies to any resulting consequential damages.<\/p><p>Roman Zigmund Immobilien Management GmbH respects the copyrights of the graphics, documents, and texts used in all publications. All trademarks, product names, and company names or logos cited on this website are the sole property of their respective owners. The copyright for all graphics, documents, and texts created by Roman Zigmund Immobilien Management GmbH remains solely with Roman Zigmund Immobilien Management GmbH. Reproduction or use of the website or parts thereof in other electronic or printed publications is not permitted without the explicit written consent of Roman Zigmund Immobilien Management GmbH. Any other use, such as editing, alteration, reproduction, and public reproduction in print or online media, is not permitted and constitutes a violation of copyright law, which will be prosecuted and may result in claims for damages. In case of doubt, please request permission.<\/p><p><strong>\u00a0<\/strong><\/p><p><strong>Consumer information<\/strong><\/p><p>Online dispute resolution according to Art. 14 para. 1 ODR Regulation: The European Commission provides a platform for online dispute resolution (OS). The platform can be accessed at\u00a0<a href=\"https:\/\/ec.europa.eu\/consumers\/odr\/\">https:\/\/ec.europa.eu\/consumers\/odr\/<\/a><\/p>\t\t\t\t\t\t<\/div>\n\t\t\t\t<\/div>\n\t\t\t\t\t<\/div>\n\t\t<\/div>\n\t\t\t\t\t\t\t<\/div>\n\t\t<\/section>\n\t\t\t\t\t\t\t<\/div>","protected":false},"excerpt":{"rendered":"<p>Roman Zigmund Immobilien Management GmbH Hotelinvestments: Hotelinvestor &amp; Hotel Investment Experte, Hotelankauf: Hotels und Hotelimmobilien Kontakt Impressum Rechtliche Hinweise und Informationen Verantwortlich im Sinne des \u00a7 18 Abs. 2 MStV Roman Zigmund Immobilien Management GmbHVe\u013ek\u00e1 okru\u017en\u00e1 1309\/17\u017dilina 010 01 E-Mail: info@immobilien-management.co Vertretungsberechtigte Vorst\u00e4nde: Roman Zigmund Sitz des Unternehmens: Slowakei Zust\u00e4ndiges Finanzamt: \u017dilina Vertretungsberechtigt im Sinne [&hellip;]<\/p>","protected":false},"author":1,"featured_media":0,"parent":0,"menu_order":0,"comment_status":"closed","ping_status":"closed","template":"elementor_header_footer","meta":{"footnotes":""},"class_list":["post-520","page","type-page","status-publish","hentry"],"_links":{"self":[{"href":"http:\/\/immobilien-management.co\/en\/wp-json\/wp\/v2\/pages\/520","targetHints":{"allow":["GET"]}}],"collection":[{"href":"http:\/\/immobilien-management.co\/en\/wp-json\/wp\/v2\/pages"}],"about":[{"href":"http:\/\/immobilien-management.co\/en\/wp-json\/wp\/v2\/types\/page"}],"author":[{"embeddable":true,"href":"http:\/\/immobilien-management.co\/en\/wp-json\/wp\/v2\/users\/1"}],"replies":[{"embeddable":true,"href":"http:\/\/immobilien-management.co\/en\/wp-json\/wp\/v2\/comments?post=520"}],"version-history":[{"count":19,"href":"http:\/\/immobilien-management.co\/en\/wp-json\/wp\/v2\/pages\/520\/revisions"}],"predecessor-version":[{"id":665,"href":"http:\/\/immobilien-management.co\/en\/wp-json\/wp\/v2\/pages\/520\/revisions\/665"}],"wp:attachment":[{"href":"http:\/\/immobilien-management.co\/en\/wp-json\/wp\/v2\/media?parent=520"}],"curies":[{"name":"wp","href":"https:\/\/api.w.org\/{rel}","templated":true}]}}